{"id":13,"date":"2019-09-10T14:32:13","date_gmt":"2019-09-10T14:32:13","guid":{"rendered":"https:\/\/www.inlatplus.lv\/?page_id=13"},"modified":"2023-03-24T14:17:12","modified_gmt":"2023-03-24T11:17:12","slug":"company","status":"publish","type":"page","link":"https:\/\/www.inlatplus.lv\/lv\/company","title":{"rendered":"Uz\u0146\u0113mums"},"content":{"rendered":"\n<p>Juridiskais birojs <strong>Inlatplus <\/strong>kop\u0161 t\u0101 dibin\u0101\u0161anas 1996. gad\u0101 ir bijis viens no akt\u012bv\u0101kajiem un paz\u012bstam\u0101kajiem uz\u0146\u0113mumiem, kas darbojas juridisko pakalpojumu tirg\u016b Latvij\u0101. M\u016bsu biroja sniegto juridisko pakalpojumu apjoms un veidi sp\u0113j apmierin\u0101t klientu (juridisko un fizisko personu) visaugst\u0101k\u0101s pras\u012bbas.<\/p>\n\n<blockquote class=\"wp-block-quote\"><p>Tirg\u016b darbojamies jau vair\u0101k nek\u0101 20 gadus,<\/p><\/blockquote>\n\n<p>mums ir liela zin\u0101\u0161anu bag\u0101\u017ea un darba pieredze ar da\u017e\u0101d\u0101m komp\u0101nij\u0101m, kas str\u0101d\u0101 vair\u0101k\u0101s jom\u0101s, t\u0101p\u0113c mums ir saprotamas probl\u0113mas, ar kur\u0101m saskaras m\u016bsu klienti katru dienu. M\u016bsu birojs pied\u0101v\u0101 visu veidu juridiskos pakalpojumus.<\/p>\n\n<p><strong>Inlatplus <\/strong>str\u0101d\u0101 pieredz\u0113ju\u0161ie un kvalific\u0113tie juristi, kuri specializ\u0113jas konfliktsitu\u0101ciju atrisin\u0101\u0161an\u0101 (pirmstiesas str\u012bdi, tiesved\u012bba, str\u012bdi ar valsts iest\u0101d\u0113m, t.sk. klienta aizst\u0101v\u0113\u0161ana ties\u0101), speci\u0101listi da\u017e\u0101da veida dokumentu sagatavo\u0161an\u0101, komercsabiedr\u012bbu izveido\u0161an\u0101 un tiesisk\u0101 atbalsta snieg\u0161an\u0101, speci\u0101listi nekustam\u0101 \u012bpa\u0161uma jom\u0101, intelektu\u0101l\u0101 \u012bpa\u0161uma jom\u0101, finan\u0161u un bankas oper\u0101ciju jom\u0101, k\u0101 ar\u012b speci\u0101listi apdro\u0161in\u0101\u0161anas, muitas, autorties\u012bbu, nodok\u013cu un migr\u0101cijas ties\u012bbu jom\u0101. Da\u017e\u0101du jaut\u0101jumu risin\u0101\u0161anai m\u0113s piesaist\u0101m ar\u012b zv\u0113rin\u0101tos advok\u0101tus, not\u0101rus, nekustam\u0101 \u012bpa\u0161uma v\u0113rt\u0113t\u0101jus, tiesu izpild\u012bt\u0101jus, ekspertus u.c. speci\u0101listus. M\u016bsu birojs ir Latvijas Tirdzniec\u012bbas un r\u016bpniec\u012bbas kameras biedrs.<\/p>\n\n<p>M\u016bsu birojam ikdienu j\u0101risina visda\u017e\u0101d\u0101kie juridiskie jaut\u0101jumi saviem past\u0101v\u012bgajiem klientiem, kurus m\u0113s apkalpojam kompleksa juridisk\u0101s apkalpo\u0161anas ietvaros, k\u0101 ar\u012b m\u0113s nep\u0101rtraukti sa\u0146emam individu\u0101los darba pas\u016bt\u012bjumus, l\u012bdz ar to m\u0113s visu laiku papildin\u0101m savas zin\u0101\u0161anas un darba pieredzi. <\/p>\n\n<blockquote class=\"wp-block-quote\"><p>Savlaic\u012bgs Latvijas likumu monitorings \u013cauj mums efekt\u012bvi un \u0101tri sniegt klientiem savus pakalpojumus.<\/p><\/blockquote>\n\n<p>Sav\u0101 m\u0101jaslap\u0101 m\u016bsu birojs regul\u0101ri public\u0113 rakstus par aktu\u0101liem juridiskajiem jaut\u0101jumiem, k\u0101 ar\u012b inform\u0101ciju par jaunu likumu pie\u0146em\u0161anu Latvij\u0101 un par groz\u012bjumiem eso\u0161ajos normat\u012bvajos aktos.<\/p>\n\n<p>Juridiskajam birojam <strong>Inlatplus <\/strong>ir pla\u0161i starptautiskie sakari, kas \u013cauj mums sniegt saviem klientiem nepiecie\u0161amo juridisko pal\u012bdz\u012bbu \u0101rvalst\u012bs, k\u0101 ar\u012b pal\u012bdz\u0113t \u0101rvalstu komersantiem Latvij\u0101 jebk\u0101dos juridiskos jaut\u0101jumos.<\/p>\n\n<p>Esam nodarboju\u0161ies ar\u012b ar izdevniec\u012bbu, piedal\u012bj\u0101mies gr\u0101matu public\u0113\u0161an\u0101, piem\u0113ram, &#8220;Ekonomisko un komerci\u0101lo l\u012bgumu paraugi&#8221;, &#8220;Dar\u012bjumu noform\u0113\u0161ana un nekustam\u0101 \u012bpa\u0161uma p\u0101rvald\u012b\u0161ana&#8221;, &#8220;Nomas attiec\u012bbas&#8221; un citi. \u0160aj\u0101s gr\u0101mat\u0101s ir apkopota m\u016bsu pieredze dar\u012bjumu veik\u0161an\u0101, tiek izvietoti da\u017e\u0101da veida dokumentu paraugi un p\u0101rskat\u012bti nodok\u013cu jaut\u0101jumi.<\/p>\n\n<p>B\u016bdami apvelt\u012bti ar daudzu gadu profesion\u0101lo juridisko pieredzi, m\u0113s nodro\u0161in\u0101m kvalific\u0113tu juridisko pal\u012bdz\u012bbu m\u016bsu klientu probl\u0113mu risin\u0101\u0161an\u0101. M\u0113s str\u0101d\u0101jam ar katru klientu individu\u0101li un varam garant\u0113t profesion\u0101lu un apzin\u012bgu pieeju probl\u0113mu risin\u0101\u0161an\u0101.<\/p>\n","protected":false},"excerpt":{"rendered":"<p>Juridiskais birojs Inlatplus kop\u0161 t\u0101 dibin\u0101\u0161anas 1996. gad\u0101 ir bijis viens no akt\u012bv\u0101kajiem un paz\u012bstam\u0101kajiem uz\u0146\u0113mumiem, kas darbojas juridisko pakalpojumu tirg\u016b Latvij\u0101. M\u016bsu biroja sniegto juridisko pakalpojumu apjoms un veidi sp\u0113j apmierin\u0101t klientu (juridisko un fizisko personu) visaugst\u0101k\u0101s pras\u012bbas. Tirg\u016b darbojamies jau vair\u0101k nek\u0101 20 gadus, mums ir liela zin\u0101\u0161anu bag\u0101\u017ea un darba pieredze ar [&hellip;]<\/p>\n","protected":false},"author":1,"featured_media":0,"parent":0,"menu_order":0,"comment_status":"closed","ping_status":"closed","template":"","meta":[],"yoast_head":"\n<meta name=\"robots\" content=\"index, follow, max-snippet:-1, max-image-preview:large, max-video-preview:-1\" \/>\n<link rel=\"canonical\" href=\"https:\/\/www.inlatplus.lv\/lv\/company\" \/>\n<meta property=\"og:locale\" content=\"lv_LV\" \/>\n<meta property=\"og:type\" content=\"article\" \/>\n<meta property=\"og:title\" content=\"Uz\u0146\u0113mums\" \/>\n<meta property=\"og:description\" content=\"\u042e\u0440\u0438\u0434\u0438\u0447\u0435\u0441\u043a\u043e\u0435 \u0431\u044e\u0440\u043e Inlatplus \u0441 \u043c\u043e\u043c\u0435\u043d\u0442\u0430 \u0441\u0432\u043e\u0435\u0433\u043e \u0441\u043e\u0437\u0434\u0430\u043d\u0438\u044f \u0432 1996 \u0433\u043e\u0434\u0443 \u044f\u0432\u043b\u044f\u0435\u0442\u0441\u044f \u043e\u0434\u043d\u043e\u0439 \u0438\u0437 \u0441\u0430\u043c\u044b\u0445 \u0430\u043a\u0442\u0438\u0432\u043d\u044b\u0445 \u0438 \u0438\u0437\u0432\u0435\u0441\u0442\u043d\u044b\u0445 \u043a\u043e\u043c\u043f\u0430\u043d\u0438\u0439, \u0434\u0435\u0439\u0441\u0442\u0432\u0443\u044e\u0449\u0438\u0445 \u043d\u0430 \u0440\u044b\u043d\u043a\u0435 \u044e\u0440\u0438\u0434\u0438\u0447\u0435\u0441\u043a\u0438\u0445 \u0443\u0441\u043b\u0443\u0433 \u041b\u0430\u0442\u0432\u0438\u0438. \u041e\u0431\u044a\u0435\u043c \u0438 \u0432\u0438\u0434\u044b \u043f\u0440\u0435\u0434\u043e\u0441\u0442\u0430\u0432\u043b\u044f\u0435\u043c\u044b\u0445 \u043d\u0430\u0448\u0435\u0439 \u0444\u0438\u0440\u043c\u043e\u0439 \u044e\u0440\u0438\u0434\u0438\u0447\u0435\u0441\u043a\u0438\u0445 \u0443\u0441\u043b\u0443\u0433 \u043c\u043e\u0433\u0443\u0442 \u0443\u0434\u043e\u0432\u043b\u0435\u0442\u0432\u043e\u0440\u0438\u0442\u044c \u0441\u0430\u043c\u044b\u043c \u0432\u0437\u044b\u0441\u043a\u0430\u0442\u0435\u043b\u044c\u043d\u044b\u043c \u0442\u0440\u0435\u0431\u043e\u0432\u0430\u043d\u0438\u044f\u043c \u043a\u043b\u0438\u0435\u043d\u0442\u043e\u0432 (\u044e\u0440\u0438\u0434\u0438\u0447\u0435\u0441\u043a\u0438\u0445 \u0438 \u0444\u0438\u0437\u0438\u0447\u0435\u0441\u043a\u0438\u0445 \u043b\u0438\u0446). \u041d\u0430\u0448\u0430 \u0444\u0438\u0440\u043c\u0430 \u0443\u0436\u0435 \u0431\u043e\u043b\u0435\u0435 20 \u043b\u0435\u0442 \u0440\u0430\u0431\u043e\u0442\u0430\u0435\u0442 \u043d\u0430 \u0440\u044b\u043d\u043a\u0435 \u044e\u0440\u0438\u0434\u0438\u0447\u0435\u0441\u043a\u0438\u0445 \u0443\u0441\u043b\u0443\u0433, \u043c\u044b \u0438\u043c\u0435\u0435\u043c [&hellip;]\" \/>\n<meta property=\"og:url\" content=\"https:\/\/www.inlatplus.lv\/lv\/company\" \/>\n<meta property=\"og:site_name\" content=\"Inlatplus\" \/>\n<meta property=\"article:publisher\" content=\"https:\/\/www.facebook.com\/inlatplus\" \/>\n<meta property=\"article:modified_time\" content=\"2023-03-24T11:17:12+00:00\" \/>\n<meta property=\"og:image\" content=\"https:\/\/www.inlatplus.lv\/wp-content\/uploads\/2020\/06\/inlatplus-sharing.jpg\" \/>\n\t<meta property=\"og:image:width\" content=\"1000\" \/>\n\t<meta property=\"og:image:height\" content=\"523\" \/>\n<meta name=\"twitter:card\" content=\"summary_large_image\" \/>\n<meta name=\"twitter:label1\" content=\"Written by\">\n\t<meta name=\"twitter:data1\" content=\"lab9pro\">\n\t<meta name=\"twitter:label2\" content=\"Est. reading time\">\n\t<meta name=\"twitter:data2\" content=\"4 minutes\">\n<script type=\"application\/ld+json\" class=\"yoast-schema-graph\">{\"@context\":\"https:\/\/schema.org\",\"@graph\":[{\"@type\":\"WebSite\",\"@id\":\"https:\/\/www.inlatplus.lv\/ru\/#website\",\"url\":\"https:\/\/www.inlatplus.lv\/ru\/\",\"name\":\"Inlatplus\",\"description\":\"-\",\"potentialAction\":[{\"@type\":\"SearchAction\",\"target\":\"https:\/\/www.inlatplus.lv\/ru\/?s={search_term_string}\",\"query-input\":\"required name=search_term_string\"}],\"inLanguage\":\"lv\"},{\"@type\":\"WebPage\",\"@id\":\"https:\/\/www.inlatplus.lv\/lv\/company#webpage\",\"url\":\"https:\/\/www.inlatplus.lv\/lv\/company\",\"name\":\"[:en]Company[:ru]\\u041a\\u043e\\u043c\\u043f\\u0430\\u043d\\u0438\\u044f[:lv]Uz\\u0146\\u0113mums[:] - Inlatplus\",\"isPartOf\":{\"@id\":\"https:\/\/www.inlatplus.lv\/ru\/#website\"},\"datePublished\":\"2019-09-10T14:32:13+00:00\",\"dateModified\":\"2023-03-24T11:17:12+00:00\",\"inLanguage\":\"lv\",\"potentialAction\":[{\"@type\":\"ReadAction\",\"target\":[\"https:\/\/www.inlatplus.lv\/lv\/company\"]}]}]}<\/script>\n","_links":{"self":[{"href":"https:\/\/www.inlatplus.lv\/lv\/wp-json\/wp\/v2\/pages\/13"}],"collection":[{"href":"https:\/\/www.inlatplus.lv\/lv\/wp-json\/wp\/v2\/pages"}],"about":[{"href":"https:\/\/www.inlatplus.lv\/lv\/wp-json\/wp\/v2\/types\/page"}],"author":[{"embeddable":true,"href":"https:\/\/www.inlatplus.lv\/lv\/wp-json\/wp\/v2\/users\/1"}],"replies":[{"embeddable":true,"href":"https:\/\/www.inlatplus.lv\/lv\/wp-json\/wp\/v2\/comments?post=13"}],"version-history":[{"count":1,"href":"https:\/\/www.inlatplus.lv\/lv\/wp-json\/wp\/v2\/pages\/13\/revisions"}],"predecessor-version":[{"id":9972,"href":"https:\/\/www.inlatplus.lv\/lv\/wp-json\/wp\/v2\/pages\/13\/revisions\/9972"}],"wp:attachment":[{"href":"https:\/\/www.inlatplus.lv\/lv\/wp-json\/wp\/v2\/media?parent=13"}],"curies":[{"name":"wp","href":"https:\/\/api.w.org\/{rel}","templated":true}]}}