{"id":5,"date":"2019-09-04T10:19:23","date_gmt":"2019-09-04T10:19:23","guid":{"rendered":"http:\/\/inlatplus\/?page_id=5"},"modified":"2026-03-26T15:56:22","modified_gmt":"2026-03-26T12:56:22","slug":"home","status":"publish","type":"page","link":"https:\/\/www.inlatplus.lv\/lv\/","title":{"rendered":"Inlatplus. Juristu komanda ar zin\u0101\u0161an\u0101m, pieredzi un 30 gadu praksi!"},"content":{"rendered":"","protected":false},"excerpt":{"rendered":"","protected":false},"author":1,"featured_media":0,"parent":0,"menu_order":0,"comment_status":"closed","ping_status":"closed","template":"","meta":[],"yoast_head":"\n<meta name=\"robots\" content=\"index, follow, max-snippet:-1, max-image-preview:large, max-video-preview:-1\" \/>\n<link rel=\"canonical\" href=\"https:\/\/www.inlatplus.lv\/lv\/\" \/>\n<meta property=\"og:locale\" content=\"lv_LV\" \/>\n<meta property=\"og:type\" content=\"article\" \/>\n<meta property=\"og:title\" content=\"Inlatplus. Juristu komanda ar zin\u0101\u0161an\u0101m, pieredzi un 30 gadu praksi!\" \/>\n<meta property=\"og:url\" content=\"https:\/\/www.inlatplus.lv\/lv\/\" \/>\n<meta property=\"og:site_name\" content=\"Inlatplus\" \/>\n<meta property=\"article:publisher\" content=\"https:\/\/www.facebook.com\/inlatplus\" \/>\n<meta property=\"article:modified_time\" content=\"2026-03-26T12:56:22+00:00\" \/>\n<meta property=\"og:image\" content=\"https:\/\/www.inlatplus.lv\/wp-content\/uploads\/2020\/06\/inlatplus-sharing.jpg\" \/>\n\t<meta property=\"og:image:width\" content=\"1000\" \/>\n\t<meta property=\"og:image:height\" content=\"523\" \/>\n<meta name=\"twitter:card\" content=\"summary_large_image\" \/>\n<meta name=\"twitter:label1\" content=\"Written by\">\n\t<meta name=\"twitter:data1\" content=\"lab9pro\">\n<script type=\"application\/ld+json\" class=\"yoast-schema-graph\">{\"@context\":\"https:\/\/schema.org\",\"@graph\":[{\"@type\":\"WebSite\",\"@id\":\"https:\/\/www.inlatplus.lv\/ru\/#website\",\"url\":\"https:\/\/www.inlatplus.lv\/ru\/\",\"name\":\"Inlatplus\",\"description\":\"-\",\"potentialAction\":[{\"@type\":\"SearchAction\",\"target\":\"https:\/\/www.inlatplus.lv\/ru\/?s={search_term_string}\",\"query-input\":\"required name=search_term_string\"}],\"inLanguage\":\"lv\"},{\"@type\":\"WebPage\",\"@id\":\"https:\/\/www.inlatplus.lv\/lv\/#webpage\",\"url\":\"https:\/\/www.inlatplus.lv\/lv\/\",\"name\":\"[:ru]Inlatplus. \\u041a\\u043e\\u043c\\u0430\\u043d\\u0434\\u0430 \\u044e\\u0440\\u0438\\u0441\\u0442\\u043e\\u0432 \\u0441\\u043e \\u0437\\u043d\\u0430\\u043d\\u0438\\u044f\\u043c\\u0438, \\u043e\\u043f\\u044b\\u0442\\u043e\\u043c \\u0438 30-\\u043b\\u0435\\u0442\\u043d\\u0435\\u0439 \\u043f\\u0440\\u0430\\u043a\\u0442\\u0438\\u043a\\u043e\\u0439![:en]Inlatplus. A team of lawyers with knowledge, experience and 30 years of practice![:lv]Inlatplus. Juristu komanda ar zin\\u0101\\u0161an\\u0101m, pieredzi un 30 gadu praksi![:] - Inlatplus\",\"isPartOf\":{\"@id\":\"https:\/\/www.inlatplus.lv\/ru\/#website\"},\"datePublished\":\"2019-09-04T10:19:23+00:00\",\"dateModified\":\"2026-03-26T12:56:22+00:00\",\"inLanguage\":\"lv\",\"potentialAction\":[{\"@type\":\"ReadAction\",\"target\":[\"https:\/\/www.inlatplus.lv\/lv\/\"]}]}]}<\/script>\n","_links":{"self":[{"href":"https:\/\/www.inlatplus.lv\/lv\/wp-json\/wp\/v2\/pages\/5"}],"collection":[{"href":"https:\/\/www.inlatplus.lv\/lv\/wp-json\/wp\/v2\/pages"}],"about":[{"href":"https:\/\/www.inlatplus.lv\/lv\/wp-json\/wp\/v2\/types\/page"}],"author":[{"embeddable":true,"href":"https:\/\/www.inlatplus.lv\/lv\/wp-json\/wp\/v2\/users\/1"}],"replies":[{"embeddable":true,"href":"https:\/\/www.inlatplus.lv\/lv\/wp-json\/wp\/v2\/comments?post=5"}],"version-history":[{"count":1,"href":"https:\/\/www.inlatplus.lv\/lv\/wp-json\/wp\/v2\/pages\/5\/revisions"}],"predecessor-version":[{"id":11793,"href":"https:\/\/www.inlatplus.lv\/lv\/wp-json\/wp\/v2\/pages\/5\/revisions\/11793"}],"wp:attachment":[{"href":"https:\/\/www.inlatplus.lv\/lv\/wp-json\/wp\/v2\/media?parent=5"}],"curies":[{"name":"wp","href":"https:\/\/api.w.org\/{rel}","templated":true}]}}