{"id":7,"date":"2019-09-10T13:58:52","date_gmt":"2019-09-10T10:58:52","guid":{"rendered":"https:\/\/www.inlatplus.lv\/?page_id=7"},"modified":"2022-09-16T13:08:35","modified_gmt":"2022-09-16T10:08:35","slug":"our-services","status":"publish","type":"page","link":"https:\/\/www.inlatplus.lv\/ru\/our-services","title":{"rendered":"\u041d\u0430\u0448\u0438 \u0443\u0441\u043b\u0443\u0433\u0438"},"content":{"rendered":"","protected":false},"excerpt":{"rendered":"","protected":false},"author":1,"featured_media":0,"parent":0,"menu_order":0,"comment_status":"closed","ping_status":"closed","template":"","meta":[],"yoast_head":"\n<meta name=\"description\" content=\"Juridiskie pakalpojumi Korporat\u012bv\u0101s ties\u012bbas Finan\u0161u ties\u012bbas Darba likums Mantojuma ties\u012bbas Maks\u0101tnesp\u0113ja L\u012bgumties\u012bbas\" \/>\n<meta name=\"robots\" content=\"index, follow, max-snippet:-1, max-image-preview:large, max-video-preview:-1\" \/>\n<link rel=\"canonical\" href=\"https:\/\/www.inlatplus.lv\/lv\/our-services\" \/>\n<meta property=\"og:locale\" content=\"ru_RU\" \/>\n<meta property=\"og:type\" content=\"article\" \/>\n<meta property=\"og:title\" content=\"\u041d\u0430\u0448\u0438 \u0443\u0441\u043b\u0443\u0433\u0438\u041d\u0430\u0448\u0438 \u0443\u0441\u043b\u0443\u0433\u0438\" \/>\n<meta property=\"og:description\" content=\"Juridiskie pakalpojumi Korporat\u012bv\u0101s ties\u012bbas Finan\u0161u ties\u012bbas Darba likums Mantojuma ties\u012bbas Maks\u0101tnesp\u0113ja L\u012bgumties\u012bbas\" \/>\n<meta property=\"og:url\" content=\"https:\/\/www.inlatplus.lv\/lv\/our-services\" \/>\n<meta property=\"og:site_name\" content=\"Inlatplus\" \/>\n<meta property=\"article:publisher\" content=\"https:\/\/www.facebook.com\/inlatplus\" \/>\n<meta property=\"article:modified_time\" content=\"2022-09-16T10:08:35+00:00\" \/>\n<meta property=\"og:image\" content=\"https:\/\/www.inlatplus.lv\/wp-content\/uploads\/2020\/06\/inlatplus-sharing.jpg\" \/>\n\t<meta property=\"og:image:width\" content=\"1000\" \/>\n\t<meta property=\"og:image:height\" content=\"523\" \/>\n<meta name=\"twitter:card\" content=\"summary_large_image\" \/>\n<meta name=\"twitter:label1\" content=\"Written by\">\n\t<meta name=\"twitter:data1\" content=\"lab9pro\">\n<script type=\"application\/ld+json\" class=\"yoast-schema-graph\">{\"@context\":\"https:\/\/schema.org\",\"@graph\":[{\"@type\":\"WebSite\",\"@id\":\"https:\/\/www.inlatplus.lv\/ru\/#website\",\"url\":\"https:\/\/www.inlatplus.lv\/ru\/\",\"name\":\"Inlatplus\",\"description\":\"-\",\"potentialAction\":[{\"@type\":\"SearchAction\",\"target\":\"https:\/\/www.inlatplus.lv\/ru\/?s={search_term_string}\",\"query-input\":\"required name=search_term_string\"}],\"inLanguage\":\"ru-RU\"},{\"@type\":\"WebPage\",\"@id\":\"https:\/\/www.inlatplus.lv\/lv\/our-services#webpage\",\"url\":\"https:\/\/www.inlatplus.lv\/lv\/our-services\",\"name\":\"[:ru]\\u041d\\u0430\\u0448\\u0438 \\u0443\\u0441\\u043b\\u0443\\u0433\\u0438[:en]Our services[:lv]M\\u016bsu juridiskie pakalpojumi[:] - Inlatplus [:ru]\\u041d\\u0430\\u0448\\u0438 \\u0443\\u0441\\u043b\\u0443\\u0433\\u0438[:en]Our services[:lv]M\\u016bsu juridiskie pakalpojumi[:]\",\"isPartOf\":{\"@id\":\"https:\/\/www.inlatplus.lv\/ru\/#website\"},\"datePublished\":\"2019-09-10T10:58:52+00:00\",\"dateModified\":\"2022-09-16T10:08:35+00:00\",\"description\":\"Juridiskie pakalpojumi Korporat\\u012bv\\u0101s ties\\u012bbas Finan\\u0161u ties\\u012bbas Darba likums Mantojuma ties\\u012bbas Maks\\u0101tnesp\\u0113ja L\\u012bgumties\\u012bbas\",\"inLanguage\":\"ru-RU\",\"potentialAction\":[{\"@type\":\"ReadAction\",\"target\":[\"https:\/\/www.inlatplus.lv\/lv\/our-services\"]}]}]}<\/script>\n","_links":{"self":[{"href":"https:\/\/www.inlatplus.lv\/ru\/wp-json\/wp\/v2\/pages\/7"}],"collection":[{"href":"https:\/\/www.inlatplus.lv\/ru\/wp-json\/wp\/v2\/pages"}],"about":[{"href":"https:\/\/www.inlatplus.lv\/ru\/wp-json\/wp\/v2\/types\/page"}],"author":[{"embeddable":true,"href":"https:\/\/www.inlatplus.lv\/ru\/wp-json\/wp\/v2\/users\/1"}],"replies":[{"embeddable":true,"href":"https:\/\/www.inlatplus.lv\/ru\/wp-json\/wp\/v2\/comments?post=7"}],"version-history":[{"count":1,"href":"https:\/\/www.inlatplus.lv\/ru\/wp-json\/wp\/v2\/pages\/7\/revisions"}],"predecessor-version":[{"id":9577,"href":"https:\/\/www.inlatplus.lv\/ru\/wp-json\/wp\/v2\/pages\/7\/revisions\/9577"}],"wp:attachment":[{"href":"https:\/\/www.inlatplus.lv\/ru\/wp-json\/wp\/v2\/media?parent=7"}],"curies":[{"name":"wp","href":"https:\/\/api.w.org\/{rel}","templated":true}]}}